{"id":15547,"date":"2026-04-22T13:09:15","date_gmt":"2026-04-22T11:09:15","guid":{"rendered":"https:\/\/foxinaboxgames.com\/graz\/?page_id=15547"},"modified":"2026-04-28T10:28:18","modified_gmt":"2026-04-28T08:28:18","slug":"mobile-spiele","status":"publish","type":"page","link":"https:\/\/foxinaboxgraz.at\/en\/mobile-spiele\/","title":{"rendered":"Portable Games"},"content":{"rendered":"<div class=\"wp-block-group alignfull has-global-padding is-layout-constrained wp-block-group-is-layout-constrained\" style=\"margin-top:0;margin-bottom:0\">\n<div class=\"wp-block-cover alignfull has-custom-white-color has-text-color has-link-color wp-elements-d5c635f58f9445cfe23cdc7b0895a9c6\"><img decoding=\"async\" width=\"1024\" height=\"726\" src=\"https:\/\/foxinaboxgames.com\/graz\/wp-content\/uploads\/sites\/20\/2026\/04\/Final_Exam_-_Portable_Escape_Room_page-0004-1024x726.jpg\" class=\"wp-block-cover__image-background wp-image-15428 size-large\" alt=\"Digital escape room puzzle with electronic components in Graz, Austria.\" data-object-fit=\"cover\" srcset=\"https:\/\/foxinaboxgraz.at\/wp-content\/uploads\/sites\/20\/2026\/04\/Final_Exam_-_Portable_Escape_Room_page-0004-1024x726.jpg 1024w, https:\/\/foxinaboxgraz.at\/wp-content\/uploads\/sites\/20\/2026\/04\/Final_Exam_-_Portable_Escape_Room_page-0004-300x213.jpg 300w, https:\/\/foxinaboxgraz.at\/wp-content\/uploads\/sites\/20\/2026\/04\/Final_Exam_-_Portable_Escape_Room_page-0004-768x544.jpg 768w, https:\/\/foxinaboxgraz.at\/wp-content\/uploads\/sites\/20\/2026\/04\/Final_Exam_-_Portable_Escape_Room_page-0004-1536x1089.jpg 1536w, https:\/\/foxinaboxgraz.at\/wp-content\/uploads\/sites\/20\/2026\/04\/Final_Exam_-_Portable_Escape_Room_page-0004-18x12.jpg 18w, https:\/\/foxinaboxgraz.at\/wp-content\/uploads\/sites\/20\/2026\/04\/Final_Exam_-_Portable_Escape_Room_page-0004-600x425.jpg 600w, https:\/\/foxinaboxgraz.at\/wp-content\/uploads\/sites\/20\/2026\/04\/Final_Exam_-_Portable_Escape_Room_page-0004.jpg 1920w\" sizes=\"(max-width: 1024px) 100vw, 1024px\" \/> <span aria-hidden=\"true\" class=\"wp-block-cover__background has-background-dim-0 has-background-dim\" style=\"background-color:#5b333a\"><\/span><div class=\"wp-block-cover__inner-container has-global-padding is-layout-constrained wp-block-cover-is-layout-constrained\">\n\n<div class=\"wp-block-group alignwide has-global-padding is-layout-constrained wp-block-group-is-layout-constrained\" style=\"padding-top:var(--wp--preset--spacing--40);padding-bottom:var(--wp--preset--spacing--40)\">\n\n<h1 class=\"wp-block-heading alignwide has-text-align-left has-larger-font-size\" style=\"margin-top:var(--wp--preset--spacing--30);margin-bottom:var(--wp--preset--spacing--50);line-height:0.9\">Portable Games<\/h1>\n\n\n<div class=\"wp-block-columns alignwide is-layout-flex wp-container-core-columns-is-layout-f0342b05 wp-block-columns-is-layout-flex\" style=\"margin-top:0;margin-bottom:0\">\n\n<div class=\"wp-block-column is-layout-flow wp-block-column-is-layout-flow\" style=\"flex-basis:38%\">\n\n<p style=\"margin-top:0;margin-bottom:0\">Manchmal musst du dich bewegen, um das Abenteuer zu entdecken \u2014 und manchmal findet das Abenteuer dich! Bist du bereit, die finale Pr\u00fcfung als Agent abzulegen, verlorene Sch\u00e4tze zu entdecken oder f\u00fcr eine Schatzsuche an einem Ort Deiner Wahl?<\/p>\n\n\n<div class=\"wp-block-buttons is-layout-flex wp-block-buttons-is-layout-flex\" style=\"margin-top:var(--wp--preset--spacing--60);margin-bottom:0\">\n\n<div class=\"wp-block-button is-style-button-arrow\"><a class=\"wp-block-button__link wp-element-button\" href=\"#contact\">Contact us<\/a><\/div>\n\n<\/div>\n\n<\/div>\n\n<\/div>\n\n<\/div>\n\n<\/div><\/div>\n<\/div>\n\n\n\n<div class=\"wp-block-group alignfull has-tertiary-background-color has-background is-layout-flow wp-block-group-is-layout-flow\" style=\"padding-top:4em;padding-bottom:4em\">\n<div class=\"wp-block-group alignwide has-global-padding is-layout-constrained wp-block-group-is-layout-constrained\">\n<div class=\"wp-block-columns alignwide is-layout-flex wp-container-core-columns-is-layout-28f84493 wp-block-columns-is-layout-flex\">\n<div class=\"wp-block-column is-layout-flow wp-block-column-is-layout-flow\" style=\"flex-basis:80%\">\n<h3 class=\"wp-block-heading has-medium-font-size\">Fox in a Box Mobile Games<\/h3>\n<\/div>\n<\/div>\n\n\n\n<div class=\"wp-block-columns alignwide stack-on-tablet-portrait is-layout-flex wp-container-core-columns-is-layout-cf05694f wp-block-columns-is-layout-flex\">\n<div class=\"wp-block-column is-layout-flow wp-block-column-is-layout-flow\">\n<p>Final Exam (you take on the role of secret agents who must prove their skills and save the world) at your company in Styria: for 8\u201310 participants at a time per hour and a maximum of approx. 60 participants per day.<\/p>\n\n\n\n<p>Or Fox Hunt (a digital scavenger hunt), a tailor-made event in Styria (for up to 100 people), or a custom-designed indoor or outdoor Fox Hunt at a location of your choice.<\/p>\n<\/div>\n\n\n\n<div class=\"wp-block-column is-layout-flow wp-block-column-is-layout-flow\">\n<p>Or a combination of the portable escape room Final Exam and a Fox Hunt puzzle rally.<\/p>\n\n\n\n<p>Players are under the same time pressure as in an escape room, while the competitive element adds an extra adrenaline rush \u2014 as all teams play the same game simultaneously.<\/p>\n<\/div>\n<\/div>\n<\/div>\n<\/div>\n\n\n\n<div class=\"wp-block-group alignfull has-offwhite-background-color has-background is-layout-flow wp-block-group-is-layout-flow\" id=\"contact\" style=\"padding-top:4em;padding-bottom:4em\">\n<div class=\"wp-block-group alignwide has-global-padding is-layout-constrained wp-block-group-is-layout-constrained\">\n<div class=\"wp-block-columns alignwide stack-on-tablet-portrait is-layout-flex wp-container-core-columns-is-layout-cf05694f wp-block-columns-is-layout-flex\">\n<div class=\"wp-block-column is-layout-flow wp-block-column-is-layout-flow\">\n<div class=\"wp-block-columns is-layout-flex wp-container-core-columns-is-layout-28f84493 wp-block-columns-is-layout-flex\">\n<div class=\"wp-block-column is-layout-flow wp-block-column-is-layout-flow\" style=\"flex-basis:70%\">\n<h3 class=\"wp-block-heading has-large-font-size\" style=\"padding-bottom:var(--wp--preset--spacing--70)\">KONTAKTIEREN SIE UNSER <br>EVENTTEAM<\/h3>\n\n\n\n<p>Fill out the form below, and our event coordinator will get in touch with you as soon as possible.<\/p>\n\n\n\n<p class=\"has-black-color has-text-color has-link-color wp-elements-a078ed2805a937b4950907fdc44f1d0b\">You can also email us at <a href=\"mailto:info@foxinaboxgraz.at\">info@foxinaboxgraz.at<\/a> or<br>call us at:<\/p>\n\n\n\n<p class=\"has-black-color has-text-color has-link-color wp-elements-8467e2cf04e60d176ec0a160dea28ba1\"><a href=\"tel:436508861183\">+43 650 88 61 183<\/a><\/p>\n<\/div>\n<\/div>\n<\/div>\n\n\n\n<div class=\"wp-block-column is-layout-flow wp-block-column-is-layout-flow\">\n<div class=\"wp-block-group has-global-padding is-layout-constrained wp-block-group-is-layout-constrained\">\n<div class=\"wpcf7 no-js\" id=\"wpcf7-f678-o1\" lang=\"en-US\" dir=\"ltr\" data-wpcf7-id=\"678\">\n<div class=\"screen-reader-response\"><p role=\"status\" aria-live=\"polite\" aria-atomic=\"true\"><\/p> <ul><\/ul><\/div>\n<form action=\"\/en\/wp-json\/wp\/v2\/pages\/15547#wpcf7-f678-o1\" method=\"post\" class=\"wpcf7-form init\" aria-label=\"Contact form\" novalidate=\"novalidate\" data-status=\"init\" data-trp-original-action=\"\/en\/wp-json\/wp\/v2\/pages\/15547#wpcf7-f678-o1\">\n<fieldset class=\"hidden-fields-container\"><input type=\"hidden\" name=\"_wpcf7\" value=\"678\" \/><input type=\"hidden\" name=\"_wpcf7_version\" value=\"6.1.4\" \/><input type=\"hidden\" name=\"_wpcf7_locale\" value=\"en_US\" \/><input type=\"hidden\" name=\"_wpcf7_unit_tag\" value=\"wpcf7-f678-o1\" \/><input type=\"hidden\" name=\"_wpcf7_container_post\" value=\"0\" \/><input type=\"hidden\" name=\"_wpcf7_posted_data_hash\" value=\"\" \/>\n<\/fieldset>\n<div class=\"cf7-wrapper\">\n\t<div class=\"cf7-left\">\n\t\t<p><span class=\"wpcf7-form-control-wrap\" data-name=\"your-name\"><input size=\"40\" maxlength=\"400\" class=\"wpcf7-form-control wpcf7-text wpcf7-validates-as-required\" aria-required=\"true\" aria-invalid=\"false\" placeholder=\"Name\" value=\"\" type=\"text\" name=\"your-name\" \/><\/span>\n\t\t<\/p>\n\t\t<p><span class=\"wpcf7-form-control-wrap\" data-name=\"your-email\"><input size=\"40\" maxlength=\"400\" class=\"wpcf7-form-control wpcf7-email wpcf7-validates-as-required wpcf7-text wpcf7-validates-as-email\" aria-required=\"true\" aria-invalid=\"false\" placeholder=\"E-mail address (mandatory)\" value=\"\" type=\"email\" name=\"your-email\" \/><\/span>\n\t\t<\/p>\n\t\t<p><span class=\"wpcf7-form-control-wrap\" data-name=\"your-subject\"><input size=\"40\" maxlength=\"400\" class=\"wpcf7-form-control wpcf7-text wpcf7-validates-as-required\" aria-required=\"true\" aria-invalid=\"false\" placeholder=\"Message Subject (mandatory)\" value=\"\" type=\"text\" name=\"your-subject\" \/><\/span>\n\t\t<\/p>\n\t\t<p><span class=\"wpcf7-form-control-wrap\" data-name=\"your-phone\"><input size=\"40\" maxlength=\"400\" class=\"wpcf7-form-control wpcf7-tel wpcf7-validates-as-required wpcf7-text wpcf7-validates-as-tel\" aria-required=\"true\" aria-invalid=\"false\" placeholder=\"Phone number (mandatory)\" value=\"\" type=\"tel\" name=\"your-phone\" \/><\/span>\n\t\t<\/p>\n\t\t<p><span class=\"wpcf7-form-control-wrap\" data-name=\"players\"><input class=\"wpcf7-form-control wpcf7-number wpcf7-validates-as-required wpcf7-validates-as-number\" aria-required=\"true\" aria-invalid=\"false\" placeholder=\"Number of Players (mandatory)\" value=\"\" type=\"number\" name=\"players\" \/><\/span>\n\t\t<\/p>\n\t<\/div>\n\t<div class=\"cf7-right\">\n\t\t<p>Your message (mandatory)\n\t\t<\/p>\n\t\t<p><span class=\"wpcf7-form-control-wrap\" data-name=\"your-message\"><textarea cols=\"40\" rows=\"10\" maxlength=\"2000\" class=\"wpcf7-form-control wpcf7-textarea wpcf7-validates-as-required\" aria-required=\"true\" aria-invalid=\"false\" name=\"your-message\"><\/textarea><\/span>\n\t\t<\/p>\n\t<\/div>\n<\/div>\n<p><div class=\"cf7-cf-turnstile\" style=\"margin-top: 0px; margin-bottom: -15px;\"> <div id=\"cf-turnstile-cf7-1096739775\" class=\"cf-turnstile\" data-sitekey=\"0x4AAAAAAC0d5jm86qTENUAk\" data-theme=\"light\" data-language=\"auto\" data-size=\"normal\" data-retry=\"auto\" data-retry-interval=\"1000\" data-action=\"contact-form-7\" data-appearance=\"always\"><\/div> <script>document.addEventListener(\"DOMContentLoaded\", function() { setTimeout(function(){ var e=document.getElementById(\"cf-turnstile-cf7-1096739775\"); e&&!e.innerHTML.trim()&&(turnstile.remove(\"#cf-turnstile-cf7-1096739775\"), turnstile.render(\"#cf-turnstile-cf7-1096739775\", {sitekey:\"0x4AAAAAAC0d5jm86qTENUAk\"})); }, 0); });<\/script> <br class=\"cf-turnstile-br cf-turnstile-br-cf7-1096739775\"> <style>#cf-turnstile-cf7-1096739775 { margin-left: -15px; }<\/style> <script>document.addEventListener(\"DOMContentLoaded\",function(){document.querySelectorAll('.wpcf7-form').forEach(function(e){e.addEventListener('submit',function(){if(document.getElementById('cf-turnstile-cf7-1096739775')){setTimeout(function(){turnstile.reset('#cf-turnstile-cf7-1096739775');},1000)}})})});<\/script> <\/div>\n<\/p>\n<div class=\"wp-block-button is-style-button-arrow\">\n\t<p><button type=\"submit\" class=\"wp-block-button__link wp-element-button wpcf7-form-control wpcf7-submit has-spinner\">Send Message<\/button>\n\t<\/p>\n<\/div><input type='hidden' class='wpcf7-pum' value='{\"closepopup\":false,\"closedelay\":0,\"openpopup\":false,\"openpopup_id\":0}' \/><div class=\"wpcf7-response-output\" aria-hidden=\"true\"><\/div>\n<input type=\"hidden\" name=\"trp-form-language\" value=\"en\"\/><\/form>\n<\/div>\n\n<\/div>\n<\/div>\n<\/div>\n<\/div>\n<\/div>","protected":false},"excerpt":{"rendered":"<p>Fox in a Box Mobile Escape Rooms Final Exam (Sie \u00fcbernehmen die Rolle von Geheimagenten, die ihre F\u00e4higkeiten unter Beweis stellen und die Welt retten m\u00fcssen) bei Ihnen in der Firma in der Steiermark: f\u00fcr 8\u201310 Personen gleichzeitig pro Stunde und maximal ca. 60 Personen pro Tag. Oder Fox Hunt (digitale Schnitzeljagd), ein auf Ihre [&hellip;]<\/p>","protected":false},"author":501,"featured_media":0,"parent":0,"menu_order":0,"comment_status":"closed","ping_status":"closed","template":"","meta":{"_sitemap_exclude":false,"_sitemap_priority":"","_sitemap_frequency":"","footnotes":""},"class_list":["post-15547","page","type-page","status-publish","hentry"],"_links":{"self":[{"href":"https:\/\/foxinaboxgraz.at\/en\/wp-json\/wp\/v2\/pages\/15547","targetHints":{"allow":["GET"]}}],"collection":[{"href":"https:\/\/foxinaboxgraz.at\/en\/wp-json\/wp\/v2\/pages"}],"about":[{"href":"https:\/\/foxinaboxgraz.at\/en\/wp-json\/wp\/v2\/types\/page"}],"author":[{"embeddable":true,"href":"https:\/\/foxinaboxgraz.at\/en\/wp-json\/wp\/v2\/users\/501"}],"replies":[{"embeddable":true,"href":"https:\/\/foxinaboxgraz.at\/en\/wp-json\/wp\/v2\/comments?post=15547"}],"version-history":[{"count":8,"href":"https:\/\/foxinaboxgraz.at\/en\/wp-json\/wp\/v2\/pages\/15547\/revisions"}],"predecessor-version":[{"id":15699,"href":"https:\/\/foxinaboxgraz.at\/en\/wp-json\/wp\/v2\/pages\/15547\/revisions\/15699"}],"wp:attachment":[{"href":"https:\/\/foxinaboxgraz.at\/en\/wp-json\/wp\/v2\/media?parent=15547"}],"curies":[{"name":"wp","href":"https:\/\/api.w.org\/{rel}","templated":true}]}}