{"id":42,"date":"2024-01-23T11:28:31","date_gmt":"2024-01-23T11:28:31","guid":{"rendered":"https:\/\/foxinaboxgames.com\/graz\/?page_id=42"},"modified":"2026-03-25T16:47:09","modified_gmt":"2026-03-25T15:47:09","slug":"cookie-policy","status":"publish","type":"page","link":"https:\/\/foxinaboxgraz.at\/en\/cookie-policy\/","title":{"rendered":"Cookie Policy"},"content":{"rendered":"<div class=\"wp-block-group alignwide has-link-color wp-elements-a7305da253a1545dde255d47601df9c3 has-global-padding is-layout-constrained wp-block-group-is-layout-constrained\">\n<div style=\"height:140px\" aria-hidden=\"true\" class=\"wp-block-spacer\"><\/div>\n\n\n\n<div class=\"wp-block-columns alignwide stack-on-tablet-portrait is-layout-flex wp-container-core-columns-is-layout-cbe57604 wp-block-columns-is-layout-flex\">\n<div class=\"wp-block-column is-layout-flow wp-block-column-is-layout-flow\" style=\"flex-basis:50%\">\n<h1 class=\"wp-block-heading has-extra-large-font-size\" style=\"margin-top:0;line-height:0.8;text-transform:uppercase\">Cookie Policy<\/h1>\n\n\n\n<div style=\"height:20px\" aria-hidden=\"true\" class=\"wp-block-spacer\"><\/div>\n<\/div>\n\n\n\n<div class=\"wp-block-column is-layout-flow wp-block-column-is-layout-flow\" style=\"flex-basis:60%\">\n<div class=\"wp-block-columns is-layout-flex wp-container-core-columns-is-layout-28f84493 wp-block-columns-is-layout-flex\">\n<div class=\"wp-block-column is-layout-flow wp-block-column-is-layout-flow\" style=\"flex-basis:90%\">\n<h3 class=\"wp-block-heading has-regular-font-size\" style=\"line-height:0.9;text-transform:uppercase\">Definitions and key terms<\/h3>\n\n\n\n<p>Definitions and key terms<\/p>\n\n\n\n<p>To help explain things as clearly as possible in this Cookie Policy, every time any of these terms are referenced, are strictly defined as:<\/p>\n\n\n\n<p><strong>Cookie:<\/strong> small amount of data generated by a website and saved by your web browser. It is used to identify your browser, provide analytics, remember information about you such as your language preference or login information.<\/p>\n\n\n\n<p><strong>Company:<\/strong> when this policy mentions \u201cCompany,\u201d \u201cwe,\u201d \u201cus,\u201d or \u201cour,\u201d it refers to Fox in a Box Franchise , that is responsible for your information under this Cookie Policy.<\/p>\n\n\n\n<p><strong>Device:<\/strong> any internet connected device such as a phone, tablet, computer or any other device that can be used to visit Fox in a Box Franchise and use the services.<\/p>\n\n\n\n<p><strong>Personal Data:<\/strong> any information that directly, indirectly, or in connection with other information \u2014 including a personal identification number \u2014 allows for the identification or identifiability of a natural person.<\/p>\n\n\n\n<p><strong>Service:<\/strong> refers to the service provided by Fox in a Box Franchise as described in the relative terms (if available) and on this platform.<\/p>\n\n\n\n<p><strong>Third-party service:<\/strong> refers to advertisers, contest sponsors, promotional and marketing partners, and others who provide our content or whose products or services we think may interest you.<\/p>\n\n\n\n<p><strong>Website:<\/strong> site, which can be accessed via this URL: http:\/\/foxinabox.re <a href=\"http:\/\/foxinabox.re\">http:\/\/foxinabox.re<\/a><\/p>\n\n\n\n<p>This Cookie Policy was created with Termify.<\/p>\n<\/div>\n<\/div>\n<\/div>\n<\/div>\n\n\n\n<div style=\"height:100px\" aria-hidden=\"true\" class=\"wp-block-spacer\"><\/div>\n\n\n\n<hr class=\"wp-block-separator alignwide has-text-color has-offwhite-color has-alpha-channel-opacity has-offwhite-background-color has-background l-above-mobile-only\"\/>\n\n\n\n<div style=\"height:60px\" aria-hidden=\"true\" class=\"wp-block-spacer l-above-mobile-only\"><\/div>\n\n\n\n<div class=\"wp-block-columns alignwide stack-on-tablet-portrait is-layout-flex wp-container-core-columns-is-layout-14cf5ab5 wp-block-columns-is-layout-flex\">\n<div class=\"wp-block-column is-layout-flow wp-block-column-is-layout-flow\" style=\"padding-right:2vw\">\n<h3 class=\"wp-block-heading has-regular-font-size\" style=\"text-transform:uppercase\">Introduction<\/h3>\n\n\n\n<p>This Cookie Policy explains how Fox in a Box Franchise and its affiliates (collectively \"Fox in a Box Franchise \", \"we\", \"us\", and \"ours\"), use cookies and similar technologies to recognize you when you visit our website, including without limitation <a href=\"http:\/\/foxinabox.re\">http:\/\/foxinabox.re<\/a> and any related URLs, mobile or localized versions and related domains \/ sub-domains (\"Websites\").<\/p>\n\n\n\n<p>It explains what these technologies are and why we use them, as well<\/p>\n\n\n\n<div style=\"height:20px\" aria-hidden=\"true\" class=\"wp-block-spacer\"><\/div>\n<\/div>\n\n\n\n<div class=\"wp-block-column is-layout-flow wp-block-column-is-layout-flow\">\n<h3 class=\"wp-block-heading has-regular-font-size\" style=\"text-transform:uppercase\">What type of cookies does Fox in a Box Franchise use?<\/h3>\n\n\n\n<p>Cookies can either be <strong>Session-Cookies<\/strong> or <strong>persistent<\/strong> cookies.<\/p>\n\n\n\n<ul class=\"wp-block-list\">\n<li><strong>Session-Cookies<\/strong> session cookie expires automatically when you close your browser.<\/li>\n\n\n\n<li><strong>Strictly Necessary<\/strong> will remain until it expires or you delete your cookies.<\/li>\n<\/ul>\n\n\n\n<p>Expiration dates are set in the cookies themselves; some may expire after a few minutes while others may expire after multiple years.<\/p>\n\n\n\n<p>Cookies placed by the website you\u2019re visiting are called <strong>First-Party-Cookies<\/strong>.<\/p>\n\n\n\n<p><strong>Strictly Necessary cookies<\/strong> are necessary for our website to function and cannot be switched off in our systems. They are essential in order to enable you to navigate around the website and use its features. If you remove or disable these cookies, we cannot guarantee that you will be able to use our website.<\/p>\n<\/div>\n<\/div>\n\n\n\n<div style=\"height:60px\" aria-hidden=\"true\" class=\"wp-block-spacer l-above-mobile-only\"><\/div>\n\n\n\n<hr class=\"wp-block-separator alignwide has-text-color has-offwhite-color has-alpha-channel-opacity has-offwhite-background-color has-background l-above-mobile-only\"\/>\n\n\n\n<div style=\"height:60px\" aria-hidden=\"true\" class=\"wp-block-spacer l-above-mobile-only\"><\/div>\n\n\n\n<div class=\"wp-block-columns alignwide is-layout-flex wp-container-core-columns-is-layout-28f84493 wp-block-columns-is-layout-flex\">\n<div class=\"wp-block-column is-layout-flow wp-block-column-is-layout-flow\" style=\"flex-basis:60%\">\n<h2 class=\"wp-block-heading alignwide has-large-font-size\" style=\"line-height:0.9;text-transform:uppercase\">We use the following types of cookies in our website:<\/h2>\n<\/div>\n<\/div>\n\n\n\n<div style=\"height:60px\" aria-hidden=\"true\" class=\"wp-block-spacer l-above-mobile-only\"><\/div>\n\n\n\n<div class=\"wp-block-columns alignwide stack-on-tablet-portrait is-layout-flex wp-container-core-columns-is-layout-14cf5ab5 wp-block-columns-is-layout-flex\">\n<div class=\"wp-block-column is-layout-flow wp-block-column-is-layout-flow\" style=\"padding-right:2vw\">\n<h3 class=\"wp-block-heading has-regular-font-size\" style=\"text-transform:uppercase\">Essential Cookies<\/h3>\n\n\n\n<p>We use essential cookies to make our website work. These cookies are strictly necessary to enable core functionality such as security, network management, your cookie preferences and accessibility. Without them you wouldn't be able to use basic services. You may disable these by changing your browser settings, but this may affect how the Websites function.<\/p>\n\n\n\n<div style=\"height:20px\" aria-hidden=\"true\" class=\"wp-block-spacer\"><\/div>\n<\/div>\n\n\n\n<div class=\"wp-block-column is-layout-flow wp-block-column-is-layout-flow\">\n<h3 class=\"wp-block-heading has-regular-font-size\" style=\"text-transform:uppercase\">Marketing Cookies<\/h3>\n\n\n\n<p>These account-based marketing cookies enable us to identify future prospects and personalize sales and marketing interactions with them.<\/p>\n<\/div>\n<\/div>\n\n\n\n<div style=\"height:60px\" aria-hidden=\"true\" class=\"wp-block-spacer l-above-mobile-only\"><\/div>\n\n\n\n<hr class=\"wp-block-separator alignwide has-text-color has-offwhite-color has-alpha-channel-opacity has-offwhite-background-color has-background l-above-mobile-only\"\/>\n\n\n\n<div style=\"height:60px\" aria-hidden=\"true\" class=\"wp-block-spacer l-above-mobile-only\"><\/div>\n\n\n\n<div class=\"wp-block-columns alignwide stack-on-tablet-portrait is-layout-flex wp-container-core-columns-is-layout-14cf5ab5 wp-block-columns-is-layout-flex\">\n<div class=\"wp-block-column is-layout-flow wp-block-column-is-layout-flow\" style=\"padding-right:2vw\">\n<h3 class=\"wp-block-heading has-regular-font-size\" style=\"text-transform:uppercase\">Analytics and Customization Cookies<\/h3>\n\n\n\n<p>These cookies collect information that is used to help us understand how our website is being used or how effective our marketing campaigns are, or to help us customize our website for you.<\/p>\n\n\n\n<p>We use cookies served by Google Analytics to collect limited data directly from end-user browsers to enable us to better understand your use of our website. Further information on how Google collects and uses this data can be found at:<br>https:\/\/www.google.com\/policies\/privacy\/partners\/<\/p>\n\n\n\n<p>You can opt-out of all Google supported analytics on our Websites by visiting:<br>https:\/\/tools.google.com\/dlpage\/gaoptout<\/p>\n\n\n\n<div style=\"height:20px\" aria-hidden=\"true\" class=\"wp-block-spacer\"><\/div>\n<\/div>\n\n\n\n<div class=\"wp-block-column is-layout-flow wp-block-column-is-layout-flow\">\n<h3 class=\"wp-block-heading has-regular-font-size\" style=\"text-transform:uppercase\">Third Party Cookies<\/h3>\n\n\n\n<p>Some cookies on our website are set by third-party providers. These may embed content (e.g. advertisements) and set their own cookies.<\/p>\n\n\n\n<p>These third-party providers control many functions such as:<\/p>\n\n\n\n<ul class=\"wp-block-list\">\n<li>Performance<\/li>\n\n\n\n<li>Advertising<\/li>\n\n\n\n<li>Marketing<\/li>\n\n\n\n<li>Analytics<\/li>\n<\/ul>\n\n\n\n<p style=\"font-style:normal;font-weight:500\">We have no access to or control over these cookies.<\/p>\n<\/div>\n<\/div>\n\n\n\n<div style=\"height:60px\" aria-hidden=\"true\" class=\"wp-block-spacer l-above-mobile-only\"><\/div>\n\n\n\n<hr class=\"wp-block-separator alignwide has-text-color has-offwhite-color has-alpha-channel-opacity has-offwhite-background-color has-background l-above-mobile-only\"\/>\n\n\n\n<div style=\"height:60px\" aria-hidden=\"true\" class=\"wp-block-spacer l-above-mobile-only\"><\/div>\n\n\n\n<div class=\"wp-block-columns alignwide stack-on-tablet-portrait is-layout-flex wp-container-core-columns-is-layout-14cf5ab5 wp-block-columns-is-layout-flex\">\n<div class=\"wp-block-column is-layout-flow wp-block-column-is-layout-flow\" style=\"padding-right:2vw\">\n<h3 class=\"wp-block-heading has-regular-font-size\" style=\"text-transform:uppercase\">How you can manage cookies?<\/h3>\n\n\n\n<p>Most browsers allow you to manage cookies through their settings.<\/p>\n\n\n\n<p>If you restrict cookies:<\/p>\n\n\n\n<ul class=\"wp-block-list\">\n<li>the user experience may worsen<\/li>\n\n\n\n<li>personalized features may no longer work<\/li>\n\n\n\n<li>saved settings (e.g. logins) may be lost<\/li>\n<\/ul>\n\n\n\n<p>Browser help pages:<\/p>\n\n\n\n<ul class=\"wp-block-list\">\n<li>Google Chrome<\/li>\n\n\n\n<li>Internet Explorer<\/li>\n\n\n\n<li>Mozilla Firefox<\/li>\n\n\n\n<li>Safari (Desktop)<\/li>\n\n\n\n<li>Safari (Mobile)<\/li>\n\n\n\n<li>Android Browser<\/li>\n\n\n\n<li>Opera<\/li>\n\n\n\n<li>Opera Mobile<\/li>\n<\/ul>\n\n\n\n<div style=\"height:20px\" aria-hidden=\"true\" class=\"wp-block-spacer\"><\/div>\n<\/div>\n\n\n\n<div class=\"wp-block-column is-layout-flow wp-block-column-is-layout-flow\">\n<h3 class=\"wp-block-heading has-regular-font-size\" style=\"text-transform:uppercase\">Blocking and disabling cookies<\/h3>\n\n\n\n<p>You can configure your browser to block cookies. However, please note:<\/p>\n\n\n\n<p>Essential functions of the website may no longer work.<br>Stored data may be lost<\/p>\n\n\n\n<p style=\"font-style:normal;font-weight:500\">Disabling a cookie does not automatically delete it \u2013 this must be done manually in your browser.<\/p>\n<\/div>\n<\/div>\n\n\n\n<div style=\"height:60px\" aria-hidden=\"true\" class=\"wp-block-spacer l-above-mobile-only\"><\/div>\n\n\n\n<hr class=\"wp-block-separator alignwide has-text-color has-offwhite-color has-alpha-channel-opacity has-offwhite-background-color has-background l-above-mobile-only\"\/>\n\n\n\n<div style=\"height:60px\" aria-hidden=\"true\" class=\"wp-block-spacer l-above-mobile-only\"><\/div>\n\n\n\n<div class=\"wp-block-columns alignwide stack-on-tablet-portrait is-layout-flex wp-container-core-columns-is-layout-14cf5ab5 wp-block-columns-is-layout-flex\">\n<div class=\"wp-block-column is-layout-flow wp-block-column-is-layout-flow\" style=\"padding-right:2vw\">\n<h3 class=\"wp-block-heading has-regular-font-size\" style=\"text-transform:uppercase\">Changes to this Cookie Policy<\/h3>\n\n\n\n<p>We reserve the right to modify this policy. Where required by law, we will inform you in advance.<\/p>\n\n\n\n<p>By continuing to use the website, you agree to the updated policy.<\/p>\n\n\n\n<p>If you do not agree, you may delete your account.<\/p>\n\n\n\n<div style=\"height:20px\" aria-hidden=\"true\" class=\"wp-block-spacer\"><\/div>\n<\/div>\n\n\n\n<div class=\"wp-block-column is-layout-flow wp-block-column-is-layout-flow\">\n<h3 class=\"wp-block-heading has-regular-font-size\" style=\"text-transform:uppercase\">Your consent<\/h3>\n\n\n\n<p style=\"font-style:normal;font-weight:500\">By using our website, registering, or making a purchase, you agree to this Cookie Policy.<\/p>\n<\/div>\n<\/div>\n\n\n\n<div style=\"height:60px\" aria-hidden=\"true\" class=\"wp-block-spacer l-above-mobile-only\"><\/div>\n\n\n\n<hr class=\"wp-block-separator alignwide has-text-color has-offwhite-color has-alpha-channel-opacity has-offwhite-background-color has-background l-above-mobile-only\"\/>\n\n\n\n<div style=\"height:60px\" aria-hidden=\"true\" class=\"wp-block-spacer\"><\/div>\n\n\n\n<div class=\"wp-block-columns alignwide stack-on-tablet-portrait is-layout-flex wp-container-core-columns-is-layout-14cf5ab5 wp-block-columns-is-layout-flex\">\n<div class=\"wp-block-column is-layout-flow wp-block-column-is-layout-flow\" style=\"padding-right:2vw\">\n<h3 class=\"wp-block-heading has-regular-font-size\" style=\"text-transform:uppercase\">Contact<\/h3>\n\n\n\n<p>If you have any questions about this privacy policy, you can contact us as follows:<\/p>\n\n\n\n<ul class=\"wp-block-list\">\n<li>Via Email:&nbsp;<a href=\"mailto:franchise@foxinabox.re\"><\/a><a href=\"mailto:franchise@foxinabox.re\" target=\"_blank\" rel=\"noreferrer noopener\">franchise@foxinabox.re<\/a><\/li>\n<\/ul>\n\n\n\n<p><strong>Fox in a Box GmbH &amp; Co KG<\/strong><\/p>\n\n\n\n<p>Lendplatz 32-33,&nbsp;8020 Graz<\/p>\n\n\n\n<p>FN 616732 i,&nbsp;Landesgericht f. ZRS Graz<\/p>\n\n\n\n<p><a href=\"mailto:info@foxinaboxgraz.at\">info@foxinaboxgraz.at<\/a>&nbsp;&nbsp;<\/p>\n\n\n\n<p><a href=\"tel:436508861183\">+43 650 88 61 183<\/a><\/p>\n\n\n\n<p>Managing Director: Dr. techn. Martin Felix Pichler<\/p>\n<\/div>\n\n\n\n<div class=\"wp-block-column is-layout-flow wp-block-column-is-layout-flow\" style=\"padding-left:2vw\"><\/div>\n<\/div>\n\n\n\n<div style=\"height:80px\" aria-hidden=\"true\" class=\"wp-block-spacer l-above-mobile-only\"><\/div>\n<\/div>","protected":false},"excerpt":{"rendered":"<p>Cookie-Richtlinie Definitionen und Schl\u00fcsselbegriffe Definitionen und Schl\u00fcsselbegriffe Um die Inhalte dieser Cookie-Richtlinie so klar wie m\u00f6glich zu erkl\u00e4ren, werden die folgenden Begriffe wie folgt definiert: Cookie: Kleine Datenmenge, die von einer Website erzeugt und von Ihrem Webbrowser gespeichert wird. Sie wird verwendet, um Ihren Browser zu identifizieren, Analysen bereitzustellen und Informationen wie Ihre Sprachpr\u00e4ferenz oder [&hellip;]<\/p>","protected":false},"author":4,"featured_media":0,"parent":0,"menu_order":0,"comment_status":"closed","ping_status":"closed","template":"","meta":{"_sitemap_exclude":false,"_sitemap_priority":"","_sitemap_frequency":"","footnotes":""},"class_list":["post-42","page","type-page","status-publish","hentry"],"_links":{"self":[{"href":"https:\/\/foxinaboxgraz.at\/en\/wp-json\/wp\/v2\/pages\/42","targetHints":{"allow":["GET"]}}],"collection":[{"href":"https:\/\/foxinaboxgraz.at\/en\/wp-json\/wp\/v2\/pages"}],"about":[{"href":"https:\/\/foxinaboxgraz.at\/en\/wp-json\/wp\/v2\/types\/page"}],"author":[{"embeddable":true,"href":"https:\/\/foxinaboxgraz.at\/en\/wp-json\/wp\/v2\/users\/4"}],"replies":[{"embeddable":true,"href":"https:\/\/foxinaboxgraz.at\/en\/wp-json\/wp\/v2\/comments?post=42"}],"version-history":[{"count":11,"href":"https:\/\/foxinaboxgraz.at\/en\/wp-json\/wp\/v2\/pages\/42\/revisions"}],"predecessor-version":[{"id":15187,"href":"https:\/\/foxinaboxgraz.at\/en\/wp-json\/wp\/v2\/pages\/42\/revisions\/15187"}],"wp:attachment":[{"href":"https:\/\/foxinaboxgraz.at\/en\/wp-json\/wp\/v2\/media?parent=42"}],"curies":[{"name":"wp","href":"https:\/\/api.w.org\/{rel}","templated":true}]}}