{"id":2227,"date":"2024-05-27T12:26:41","date_gmt":"2024-05-27T11:26:41","guid":{"rendered":"https:\/\/foxinaboxgames.com\/graz\/?post_type=product&#038;p=2227"},"modified":"2026-04-23T09:30:18","modified_gmt":"2026-04-23T07:30:18","slug":"operation-fast","status":"publish","type":"product","link":"https:\/\/foxinaboxgraz.at\/en\/p\/fox-hunt\/operation-fast\/","title":{"rendered":"Operation: FAST"},"content":{"rendered":"<div class=\"wp-block-group alignwide is-layout-flow wp-block-group-is-layout-flow\" style=\"margin-top:0;margin-bottom:0;padding-top:5rem;padding-bottom:4rem\">\n<div class=\"wp-block-group has-global-padding is-layout-constrained wp-block-group-is-layout-constrained\">\n<div class=\"wp-block-columns alignwide is-layout-flex wp-container-core-columns-is-layout-123045d2 wp-block-columns-is-layout-flex\">\n<div class=\"wp-block-column is-layout-flow wp-block-column-is-layout-flow\" style=\"flex-basis:45%\"><figure style=\"aspect-ratio:1;\" class=\"wp-block-post-featured-image\"><img decoding=\"async\" width=\"1080\" height=\"1080\" src=\"https:\/\/foxinaboxgraz.at\/wp-content\/uploads\/sites\/20\/2024\/02\/fox-hunt-03-Web.jpeg\" class=\"attachment-post-thumbnail size-post-thumbnail wp-post-image\" alt=\"Ein Blick auf einen Mann in einem Trenchcoat und Hut in einer d\u00fcsteren Stadt bei Nacht, f\u00fcr das Esca.\" style=\"border-radius:8px;width:100%;height:100%;object-fit:cover;\" srcset=\"https:\/\/foxinaboxgraz.at\/wp-content\/uploads\/sites\/20\/2024\/02\/fox-hunt-03-Web.jpeg 1080w, https:\/\/foxinaboxgraz.at\/wp-content\/uploads\/sites\/20\/2024\/02\/fox-hunt-03-Web-300x300.jpeg 300w, https:\/\/foxinaboxgraz.at\/wp-content\/uploads\/sites\/20\/2024\/02\/fox-hunt-03-Web-1024x1024.jpeg 1024w, https:\/\/foxinaboxgraz.at\/wp-content\/uploads\/sites\/20\/2024\/02\/fox-hunt-03-Web-150x150.jpeg 150w, https:\/\/foxinaboxgraz.at\/wp-content\/uploads\/sites\/20\/2024\/02\/fox-hunt-03-Web-768x768.jpeg 768w, https:\/\/foxinaboxgraz.at\/wp-content\/uploads\/sites\/20\/2024\/02\/fox-hunt-03-Web-600x600.jpeg 600w, https:\/\/foxinaboxgraz.at\/wp-content\/uploads\/sites\/20\/2024\/02\/fox-hunt-03-Web-100x100.jpeg 100w\" sizes=\"(max-width: 1080px) 100vw, 1080px\" \/><\/figure><\/div>\n\n\n\n<div class=\"wp-block-column is-layout-flow wp-block-column-is-layout-flow\" style=\"flex-basis:55%\"><h2 style=\"margin-bottom:var(--wp--preset--spacing--50);margin-top:0;\" class=\"alignwide wp-block-post-title has-extra-large-font-size\">Operation: FAST<\/h2>\n\n\n<div class=\"wp-block-group is-content-justification-space-between is-nowrap is-layout-flex wp-container-core-group-is-layout-cb46ffcb wp-block-group-is-layout-flex\"><span class=\"woocommerce-Price-amount amount\"><bdi><span class=\"price-number-only\">75.00<\/span>&nbsp;<span class=\"woocommerce-Price-currencySymbol\">&euro;<\/span><\/bdi><\/span>\n\n\n\n<p>Per Team (1\u20135 people)<\/p>\n<\/div>\n\n\n\n<hr class=\"wp-block-separator has-text-color has-alpha-channel-opacity has-background\" style=\"margin-top:var(--wp--preset--spacing--30);margin-bottom:var(--wp--preset--spacing--60);background-color:#00000005;color:#00000005\"\/>\n\n\n\n<div class=\"wp-block-group alignwide is-layout-flow wp-block-group-is-layout-flow\"><div style=\"margin-bottom:var(--wp--preset--spacing--40)\" class=\"taxonomy-product_tag wp-block-post-terms has-extra-extra-small-font-size\"><a href=\"https:\/\/foxinaboxgraz.at\/en\/product-tag\/am-besten-fur-ratsel-liebhaber\/\" rel=\"tag\">BEST FOR PUZZLE LOVERS<\/a><span class=\"wp-block-post-terms__separator\"> <\/span><a href=\"https:\/\/foxinaboxgraz.at\/en\/product-tag\/draussen\/\" rel=\"tag\">Outdoor<\/a><span class=\"wp-block-post-terms__separator\"> <\/span><a href=\"https:\/\/foxinaboxgraz.at\/en\/product-tag\/grosse-gruppen\/\" rel=\"tag\">LARGE GROUPS<\/a><span class=\"wp-block-post-terms__separator\"> <\/span><a href=\"https:\/\/foxinaboxgraz.at\/en\/product-tag\/innenbereich\/\" rel=\"tag\">INDOOR<\/a><\/div>\n\n<div style=\"margin-bottom:var(--wp--preset--spacing--60);\" class=\"wp-block-post-excerpt\"><p class=\"wp-block-post-excerpt__excerpt\">Welcome to Operation: F.A.S.T., an exciting geo-location-based spy game that puts your skills to the test! Dive into the thrilling world of secret agents as you embark on a mission to impress Mr. Fox, the mysterious head of the intelligence agency. Each game code supports up to 5 players. Enter a single email address to\u2026 <\/p><\/div>\n\n<div data-block-name=\"woocommerce\/add-to-cart-form\" class=\"wp-block-add-to-cart-form wc-block-add-to-cart-form wc-block-add-to-cart-form--input wp-block-woocommerce-add-to-cart-form\" >\n\t\n\t<form class=\"cart\" action=\"https:\/\/foxinaboxgraz.at\/en\/p\/fox-hunt\/operation-fast\/\" method=\"post\" enctype='multipart\/form-data' data-trp-original-action=\"https:\/\/foxinaboxgraz.at\/en\/p\/fox-hunt\/operation-fast\/\">\n\t\t\n\t\t<div class=\"quantity\">\n\t\t<label class=\"screen-reader-text\" for=\"quantity_69f1d14b983c7\">Operation: FAST quantity<\/label>\n\t<input\n\t\ttype=\"number\"\n\t\t\t\tid=\"quantity_69f1d14b983c7\"\n\t\tclass=\"input-text qty text\"\n\t\tname=\"quantity\"\n\t\tvalue=\"1\"\n\t\taria-label=\"Product quantity\"\n\t\t\t\tmin=\"1\"\n\t\t\t\t\t\t\tstep=\"1\"\n\t\t\tplaceholder=\"\"\n\t\t\tinputmode=\"numeric\"\n\t\t\tautocomplete=\"off\"\n\t\t\t\/>\n\t<\/div>\n\n\t\t<button type=\"submit\" name=\"add-to-cart\" value=\"2227\" class=\"single_add_to_cart_button button alt wp-element-button\">Add to cart<\/button>\n\n\t\t\t<input type=\"hidden\" name=\"trp-form-language\" value=\"en\"\/><\/form>\n\n\t\n<\/div><\/div>\n<\/div>\n<\/div>\n<\/div>\n<\/div>\n\n\n\n<div class=\"wp-block-group alignwide has-global-padding is-layout-constrained wp-block-group-is-layout-constrained\" style=\"padding-bottom:4rem\">\n<hr class=\"wp-block-separator alignwide has-text-color has-offwhite-color has-alpha-channel-opacity has-offwhite-background-color has-background\"\/>\n\n\n\n<div class=\"wp-block-columns alignfull is-layout-flex wp-container-core-columns-is-layout-28f84493 wp-block-columns-is-layout-flex\">\n<div class=\"wp-block-column is-layout-flow wp-block-column-is-layout-flow\" style=\"flex-basis:100%\">\n<div class=\"wp-block-columns is-layout-flex wp-container-core-columns-is-layout-28f84493 wp-block-columns-is-layout-flex\">\n<div class=\"wp-block-column is-layout-flow wp-block-column-is-layout-flow\" style=\"flex-basis:70%\">\n<h4 class=\"wp-block-heading has-regular-font-size\" style=\"margin-bottom:var(--wp--preset--spacing--30);text-transform:uppercase\">In this high-stakes adventure, you step into the role of an aspiring agent determined to prove their skills.<\/h4>\n<\/div>\n<\/div>\n\n\n\n<div class=\"wp-block-columns stack-on-tablet--portrait is-layout-flex wp-container-core-columns-is-layout-cf05694f wp-block-columns-is-layout-flex\">\n<div class=\"wp-block-column is-layout-flow wp-block-column-is-layout-flow\" style=\"flex-basis:50%\">\n<p>Mr. Fox is looking for the best of the best for his prestigious organization, and it is up to you to prove your abilities.<\/p>\n\n\n\n<p class=\"has-x-small-font-size\">Prepare to navigate a series of carefully crafted puzzles strategically placed across different locations. From hidden codes to tricky riddles, each challenge will push your problem-solving skills to the limit. Your mission? Solve the puzzles and show Mr. Fox that you have what it takes to become a trusted field agent.<\/p>\n<\/div>\n\n\n\n<div class=\"wp-block-column is-layout-flow wp-block-column-is-layout-flow\" style=\"flex-basis:50%\">\n<p>Stay alert, work together, and unleash your inner spy as you embark on this thrilling adventure. Do you have what it takes to stand out from the rest and earn your place among the ranks of elite agents?<\/p>\n\n\n\n<p>Join Operation: F.A.S.T. and experience the excitement of espionage like never before!<\/p>\n<\/div>\n<\/div>\n<\/div>\n<\/div>\n\n\n\n<div class=\"wp-block-cover alignwide has-custom-content-position is-position-top-left\" style=\"border-radius:4px;padding-top:var(--wp--preset--spacing--70);padding-right:var(--wp--preset--spacing--70);padding-bottom:var(--wp--preset--spacing--70);padding-left:var(--wp--preset--spacing--70)\"><img decoding=\"async\" width=\"1000\" height=\"664\" src=\"https:\/\/foxinaboxgames.com\/graz\/wp-content\/uploads\/sites\/20\/2024\/02\/image-233-1.jpg\" class=\"wp-block-cover__image-background wp-image-646 size-full\" alt=\"Spannende Escape Room Graz mit Freunden bei Fox in a Box Graz, \u00d6sterreich.\" data-object-fit=\"cover\" srcset=\"https:\/\/foxinaboxgraz.at\/wp-content\/uploads\/sites\/20\/2024\/02\/image-233-1.jpg 1000w, https:\/\/foxinaboxgraz.at\/wp-content\/uploads\/sites\/20\/2024\/02\/image-233-1-300x199.jpg 300w, https:\/\/foxinaboxgraz.at\/wp-content\/uploads\/sites\/20\/2024\/02\/image-233-1-768x510.jpg 768w, https:\/\/foxinaboxgraz.at\/wp-content\/uploads\/sites\/20\/2024\/02\/image-233-1-600x398.jpg 600w\" sizes=\"(max-width: 1000px) 100vw, 1000px\" \/> <span aria-hidden=\"true\" class=\"wp-block-cover__background has-black-background-color has-background-dim-70 has-background-dim\"><\/span><div class=\"wp-block-cover__inner-container has-global-padding is-layout-constrained wp-container-core-cover-is-layout-c9bfb9eb wp-block-cover-is-layout-constrained\">\n<h3 class=\"wp-block-heading alignwide has-medium-font-size\" style=\"padding-bottom:2rem\">HOW IT WORKS<\/h3>\n\n\n\n<div class=\"wp-block-columns alignwide is-layout-flex wp-container-core-columns-is-layout-28f84493 wp-block-columns-is-layout-flex\">\n<div class=\"wp-block-column is-layout-flow wp-block-column-is-layout-flow\" style=\"flex-basis:100%\">\n<ul class=\"wp-block-list\">\n<li>CHOOSE YOUR GAME<\/li>\n\n\n\n<li>PURCHASE THE GAME YOU WANT TO PLAY<\/li>\n\n\n\n<li>YOU WILL RECEIVE AN EMAIL WITH DETAILED INSTRUCTIONS<\/li>\n\n\n\n<li>BUILD YOUR TEAM<\/li>\n\n\n\n<li>CHARGE YOUR PHONE BATTERIES<\/li>\n\n\n\n<li>MAKE SURE YOU HAVE AN INTERNET CONNECTION<\/li>\n\n\n\n<li>CHECK YOUR PHONE SETTINGS (ENABLE POP-UPS AND LOCATION SERVICES).<\/li>\n\n\n\n<li>IF IT\u2019S AN OUTDOOR GAME, CHECK THE WEATHER FORECAST<\/li>\n\n\n\n<li>WEAR COMFORTABLE CLOTHING FOR WALKING AND EXPLORING<\/li>\n\n\n\n<li>HEAD TO THE START LOCATION OF YOUR CHOSEN HUNT<\/li>\n\n\n\n<li>START THE GAME BY FOLLOWING THE INSTRUCTIONS.<\/li>\n\n\n\n<li>NO WORRIES IF THE WEATHER CHANGES OR SOMEONE GETS TIRED \u2014 YOU CAN TAKE A BREAK OR COME BACK AND CONTINUE ANOTHER TIME.<\/li>\n\n\n\n<li>READ THE FAQs FOR A BETTER UNDERSTANDING BEFORE YOU BEGIN<\/li>\n\n\n\n<li>STAY ALERT DURING THE GAME AND BE MINDFUL OF YOUR SURROUNDINGS. YOUR SAFETY AND THE SAFETY OF OTHERS IS THE TOP PRIORITY.<\/li>\n\n\n\n<li>COMPLETE THE MISSION AND HAVE FUN!<\/li>\n<\/ul>\n<\/div>\n<\/div>\n<\/div><\/div>\n<\/div>","protected":false},"excerpt":{"rendered":"<p>Willkommen bei Operation: F.A.S.T., einem aufregenden Geo-Location-basierten Spionagespiel, das Ihre F\u00e4higkeiten auf die Probe stellt! Tauchen Sie ein in die spannende Welt der Geheimagenten, w\u00e4hrend Sie sich auf eine Mission begeben, um Mr. Fox, den geheimnisvollen Leiter des Geheimdienstes, zu beeindrucken.<\/p>\n<p>Jeder Spielcode unterst\u00fctzt bis zu 5 Spieler.<\/p>\n<p>Geben Sie eine einzelne E-Mail-Adresse ein, um den Spielcode f\u00fcr Ihr gesamtes Team (bis zu 5 Spieler) zu erhalten. Wenn Sie zus\u00e4tzliche Spielcodes f\u00fcr weitere Personen ben\u00f6tigen, geben Sie bitte die Anzahl der Codes im Feld neben der Schaltfl\u00e4che \u201eIn den Warenkorb\u201c an.<\/p>","protected":false},"featured_media":296,"comment_status":"closed","ping_status":"closed","template":"","meta":{"_sitemap_exclude":false,"_sitemap_priority":"","_sitemap_frequency":""},"foxhunt-tags":[],"product_brand":[],"product_cat":[21],"product_tag":[48,51,50,49],"class_list":{"0":"post-2227","1":"product","2":"type-product","3":"status-publish","4":"has-post-thumbnail","6":"product_cat-fox-hunt","7":"product_tag-am-besten-fur-ratsel-liebhaber","8":"product_tag-draussen","9":"product_tag-grosse-gruppen","10":"product_tag-innenbereich","12":"first","13":"instock","14":"virtual","15":"purchasable","16":"product-type-simple"},"_links":{"self":[{"href":"https:\/\/foxinaboxgraz.at\/en\/wp-json\/wp\/v2\/product\/2227","targetHints":{"allow":["GET"]}}],"collection":[{"href":"https:\/\/foxinaboxgraz.at\/en\/wp-json\/wp\/v2\/product"}],"about":[{"href":"https:\/\/foxinaboxgraz.at\/en\/wp-json\/wp\/v2\/types\/product"}],"replies":[{"embeddable":true,"href":"https:\/\/foxinaboxgraz.at\/en\/wp-json\/wp\/v2\/comments?post=2227"}],"wp:featuredmedia":[{"embeddable":true,"href":"https:\/\/foxinaboxgraz.at\/en\/wp-json\/wp\/v2\/media\/296"}],"wp:attachment":[{"href":"https:\/\/foxinaboxgraz.at\/en\/wp-json\/wp\/v2\/media?parent=2227"}],"wp:term":[{"taxonomy":"foxhunt-tags","embeddable":true,"href":"https:\/\/foxinaboxgraz.at\/en\/wp-json\/wp\/v2\/foxhunt-tags?post=2227"},{"taxonomy":"product_brand","embeddable":true,"href":"https:\/\/foxinaboxgraz.at\/en\/wp-json\/wp\/v2\/product_brand?post=2227"},{"taxonomy":"product_cat","embeddable":true,"href":"https:\/\/foxinaboxgraz.at\/en\/wp-json\/wp\/v2\/product_cat?post=2227"},{"taxonomy":"product_tag","embeddable":true,"href":"https:\/\/foxinaboxgraz.at\/en\/wp-json\/wp\/v2\/product_tag?post=2227"}],"curies":[{"name":"wp","href":"https:\/\/api.w.org\/{rel}","templated":true}]}}